{"id":143,"date":"2022-01-11T16:17:13","date_gmt":"2022-01-11T15:17:13","guid":{"rendered":"https:\/\/www.farmaciavallerano.it\/?page_id=143"},"modified":"2025-04-02T14:31:15","modified_gmt":"2025-04-02T12:31:15","slug":"fidelity-card","status":"publish","type":"page","link":"https:\/\/www.farmaciavallerano.it\/?page_id=143","title":{"rendered":"Fidelity Card"},"content":{"rendered":"<div class=\"wp-block-image is-style-default\">\n<figure class=\"aligncenter size-full is-resized\"><img loading=\"lazy\" decoding=\"async\" width=\"2209\" height=\"349\" src=\"http:\/\/www.farmaciavallerano.it\/wp-content\/uploads\/2022\/01\/logo_farmacia.jpg\" alt=\"Farmacia Vallerano\" class=\"wp-image-123\" style=\"width:480px;height:75px\"\/><\/figure><\/div>\n\n\n<p class=\"has-text-align-center has-black-color has-text-color has-large-font-size\"><strong>Fidelity Card<\/strong><\/p>\n\n\n\n<p class=\"has-text-align-center\"><strong>Richiedi la Fidelity Card della Farmacia Vallerano. Scarica il modulo di richiesta e consegnalo in farmacia.<\/strong><\/p>\n\n\n\n<div class=\"wp-block-buttons is-horizontal is-content-justification-center is-layout-flex wp-container-core-buttons-is-layout-499968f5 wp-block-buttons-is-layout-flex\">\n<div class=\"wp-block-button has-custom-width wp-block-button__width-25 has-custom-font-size is-style-outline has-normal-font-size is-style-outline--1\"><a class=\"wp-block-button__link has-black-color has-vivid-green-cyan-background-color has-text-color has-background wp-element-button\" href=\"http:\/\/www.farmaciavallerano.it\/wp-content\/uploads\/2022\/01\/FidelityCard_Consenso_Privacy.jpg\" style=\"border-radius:50px\" target=\"_blank\" rel=\"noreferrer noopener\"><strong>Modulo richiesta Fidelity Card<\/strong><\/a><\/div>\n<\/div>\n\n\n\n<p class=\"has-text-align-center\"><strong>REGOLAMENTO FIDELITY CARD<\/strong><\/p>\n\n\n\n<p><strong><u>Destinatari della promozione<\/u><\/strong><\/p>\n\n\n\n<p>Sono destinatari della promozione tutte le persone fisiche in possesso della carta fedelt\u00e0.<\/p>\n\n\n\n<p><strong><u>Oggetto della promozione<\/u><\/strong><\/p>\n\n\n\n<p>Per tutta la durata della promozione, i titolari di card che effettueranno acquisti presentando la propria card in farmacia riceveranno un punteggio calcolato e caricato sulla card secondo la seguente regola base:<\/p>\n\n\n\n<p><strong>1 punto ogni Euro di spesa<\/strong><\/p>\n\n\n\n<p>Al raggiungimento delle soglie punti il titolare della fidelity card otterr\u00e0 dei buoni sconto. <strong><u>Sono tassativamente esclusi dalla promozione, pertanto non daranno luogo all\u2019accumulo dei punti, i farmaci ed i prodotti che la vigente normativa prevede non possano essere oggetto di promozione<\/u><\/strong> (ad es. Latte 1)*.<\/p>\n\n\n\n<p>Le iniziative promozionali in corso, se non diversamente comunicato, non danno diritto ad accumulo di punti. In caso di reso dei prodotti acquistati, i punti accumulati con l\u2019acquisto saranno di conseguenza stornati. I titolari potranno ricevere ulteriori punti acquistando prodotti o servizi in occasione di eventi o iniziative promozionali specifiche. Le singole iniziative che daranno diritto a punti aggiuntivi saranno opportunamente comunicate ai titolari di card.<\/p>\n\n\n\n<p><strong><u>Durata<\/u><\/strong><\/p>\n\n\n\n<p>La promozione in oggetto sar\u00e0 valida a partire <strong>dal 01\/01\/2025 <\/strong>fino<strong> al 31\/12\/2025<\/strong>. I punti accumulati fino a tale data potranno essere convertiti in buoni sconto utilizzabili fino <strong>al 31\/01\/2026<\/strong>.<\/p>\n\n\n\n<p><strong><u>Card&nbsp;<\/u><\/strong><\/p>\n\n\n\n<p>E\u2019 possibile diventare titolare della card facendone richiesta presso la farmacia. Essa \u00e8 gratuita e per ottenerla \u00e8 necessario compilare un modulo di iscrizione; i dati personali sono trattati in ottemperanza alle normatice vigenti.<\/p>\n\n\n\n<p><strong><u>Buoni sconto<\/u><\/strong><\/p>\n\n\n\n<p>I buoni possono essere utilizzati sui prodotti venduti dal promotore (esclusi farmaci ed alimenti per lattanti) e non possono essere convertiti in denaro. Ogni buono \u00e8 valido per una sola spesa, secondo la seguente tabella:<\/p>\n\n\n\n<p><strong>50 punti&nbsp;&nbsp;&nbsp;&nbsp;&nbsp;&nbsp;&nbsp;&nbsp;&nbsp;&nbsp;&nbsp;&nbsp;&nbsp;&nbsp;&nbsp;&nbsp;&nbsp;&nbsp;&nbsp; Buono sconto \u20ac 2<\/strong><\/p>\n\n\n\n<p><strong>100 punti&nbsp;&nbsp;&nbsp;&nbsp;&nbsp;&nbsp;&nbsp;&nbsp;&nbsp;&nbsp;&nbsp;&nbsp;&nbsp;&nbsp;&nbsp;&nbsp;&nbsp; Buono sconto \u20ac 5<\/strong><\/p>\n\n\n\n<p><strong>200 punti&nbsp;&nbsp;&nbsp;&nbsp;&nbsp;&nbsp;&nbsp;&nbsp;&nbsp;&nbsp;&nbsp;&nbsp;&nbsp;&nbsp;&nbsp;&nbsp;&nbsp; Buono sconto \u20ac 12<\/strong><\/p>\n\n\n\n<p><strong>300 punti&nbsp;&nbsp;&nbsp;&nbsp;&nbsp;&nbsp;&nbsp;&nbsp;&nbsp;&nbsp;&nbsp;&nbsp;&nbsp;&nbsp;&nbsp;&nbsp;&nbsp; Buono sconto \u20ac 21<\/strong><\/p>\n\n\n\n<p><strong>600 punti&nbsp;&nbsp;&nbsp;&nbsp;&nbsp;&nbsp;&nbsp;&nbsp;&nbsp;&nbsp;&nbsp;&nbsp;&nbsp;&nbsp;&nbsp;&nbsp;&nbsp; Buono sconto \u20ac 48<\/strong><\/p>\n\n\n\n<p><strong>1000 punti&nbsp;&nbsp;&nbsp;&nbsp;&nbsp;&nbsp;&nbsp;&nbsp;&nbsp;&nbsp;&nbsp;&nbsp;&nbsp;&nbsp; Buono sconto \u20ac 90<\/strong><\/p>\n\n\n\n<p>Per tutte le comunicazioni relative alla promozione \u00e8 possibile contattare il promotore all\u2019indirizzo Farmacia Vallerano \u2013 Via di Vallerano 80 \u2013 00128 Roma tel. 06-83796033 e-mail <a href=\"mailto:info@farmaciavallerano.it\">info@farmaciavallerano.it<\/a> .<\/p>\n\n\n\n<p><strong><u>Varie<\/u><\/strong><\/p>\n\n\n\n<p>Qualora venisse accertato un utilizzo della card fraudolento o difforme dalle condizioni previste dal presente regolamento, il promotore si riserva di sospendere, senza alcun preavviso, la funzionalit\u00e0 della card stessa, l\u2019accumulo dei punti o inibire l\u2019utilizzo dei punti maturati da ciascun partecipante. In caso di smarrimento o furto della card il titolare \u00e8 tenuto ad avvertire tempestivamente la farmacia che provveder\u00e0 a bloccarne l\u2019utilizzo.<\/p>\n\n\n\n<p><\/p>\n\n\n\n<p><\/p>\n\n\n\n<p style=\"font-size:12px\">*In ottemperanza alle disposizioni di legge aventi come riferimento direttive comunitarie, \u00e8 vietato applicare sconti e promozioni nella vendita al pubblico di alimenti per lattanti, intendendosi come alimenti il preparato alimentare in grado di soddisfare da solo il fabbisogno nutritivo del neonato. Conseguentemente la Farmacia Vallerano non potr\u00e0 caricare punti sulla tessera fedelt\u00e0 a seguito di vendita di latti per lattanti, sui quali verr\u00e0 applicato in fase di vendita il prezzo al pubblico cosi come rilevato dal listino della banca dati Federfarma DM 82\/2009, D.Lgs. 84\/201).<\/p>\n","protected":false},"excerpt":{"rendered":"<p>Fidelity Card Richiedi la Fidelity Card della Farmacia Vallerano. Scarica il modulo di richiesta e consegnalo in farmacia. REGOLAMENTO FIDELITY CARD Destinatari della promozione Sono destinatari della promozione tutte le persone fisiche in possesso della carta fedelt\u00e0. Oggetto della promozione Per tutta la durata della promozione, i titolari di card che effettueranno acquisti presentando la [&hellip;]<\/p>\n","protected":false},"author":1,"featured_media":151,"parent":0,"menu_order":0,"comment_status":"closed","ping_status":"open","template":"","meta":{"footnotes":""},"class_list":["post-143","page","type-page","status-publish","has-post-thumbnail","czr-hentry"],"_links":{"self":[{"href":"https:\/\/www.farmaciavallerano.it\/index.php?rest_route=\/wp\/v2\/pages\/143","targetHints":{"allow":["GET"]}}],"collection":[{"href":"https:\/\/www.farmaciavallerano.it\/index.php?rest_route=\/wp\/v2\/pages"}],"about":[{"href":"https:\/\/www.farmaciavallerano.it\/index.php?rest_route=\/wp\/v2\/types\/page"}],"author":[{"embeddable":true,"href":"https:\/\/www.farmaciavallerano.it\/index.php?rest_route=\/wp\/v2\/users\/1"}],"replies":[{"embeddable":true,"href":"https:\/\/www.farmaciavallerano.it\/index.php?rest_route=%2Fwp%2Fv2%2Fcomments&post=143"}],"version-history":[{"count":7,"href":"https:\/\/www.farmaciavallerano.it\/index.php?rest_route=\/wp\/v2\/pages\/143\/revisions"}],"predecessor-version":[{"id":178,"href":"https:\/\/www.farmaciavallerano.it\/index.php?rest_route=\/wp\/v2\/pages\/143\/revisions\/178"}],"wp:featuredmedia":[{"embeddable":true,"href":"https:\/\/www.farmaciavallerano.it\/index.php?rest_route=\/wp\/v2\/media\/151"}],"wp:attachment":[{"href":"https:\/\/www.farmaciavallerano.it\/index.php?rest_route=%2Fwp%2Fv2%2Fmedia&parent=143"}],"curies":[{"name":"wp","href":"https:\/\/api.w.org\/{rel}","templated":true}]}}